{"id":1149,"date":"2021-12-27T18:34:47","date_gmt":"2021-12-27T15:34:47","guid":{"rendered":"https:\/\/fidetarim.com\/?post_type=product&#038;p=1149"},"modified":"2022-01-05T23:23:31","modified_gmt":"2022-01-05T20:23:31","slug":"cekirdeksiz-karpuz","status":"publish","type":"product","link":"https:\/\/fidetarim.com\/index.php\/product\/cekirdeksiz-karpuz\/","title":{"rendered":"\u00c7ekirdeksiz Karpuz"},"content":{"rendered":"<p>V\u00fccudun nem dengesini korumaya yard\u0131mc\u0131 olan karpuz kendinizi zinde hissetmenize yard\u0131mc\u0131 olur.<br \/>\nYaz aylar\u0131nda ara \u00f6\u011f\u00fcnlerde sade veya yan\u0131nda yo\u011furt, peynir grubuyla beraber t\u00fcketmek sofralar\u0131n\u0131z\u0131 canland\u0131r\u0131r.<\/p>\n<p>Di\u011fer meyvelerle blenderdan ge\u00e7irilip so\u011fuk i\u00e7ecekler haz\u0131rlanabilir. Dondurularak da dondurma \u015feklinde t\u00fcketmek lezzetli bir alternatif olacakt\u0131r.<\/p>\n","protected":false},"excerpt":{"rendered":"<p><b>100 gr\u00a0 \u00c7ekirdeksiz Karpuz<\/b><\/p>\n<ul>\n<li>Kalori: 30 kcal<\/li>\n<li>Karbonhidrat: 7.5 g<\/li>\n<li>Lif: 0.4 g<\/li>\n<li>Protein: 0.6 g<\/li>\n<li>Ya\u011f: 0.1 g<\/li>\n<li>Kolesterol: 0.0 mg<\/li>\n<li>A Vitamini: 569.0 IU<\/li>\n<li>C Vitamini: 8.1 mg<\/li>\n<li>Potasyum: 112.0 mg<\/li>\n<li>Kalsiyum: 7.0 mg<\/li>\n<li>Demir: 0.2 mg<\/li>\n<\/ul>\n","protected":false},"featured_media":1150,"comment_status":"closed","ping_status":"closed","template":"","meta":{"_monsterinsights_skip_tracking":false,"_monsterinsights_sitenote_active":false,"_monsterinsights_sitenote_note":"","_monsterinsights_sitenote_category":0},"product_cat":[49],"product_tag":[],"class_list":["post-1149","product","type-product","status-publish","has-post-thumbnail","hentry","product_cat-meyve"],"_links":{"self":[{"href":"https:\/\/fidetarim.com\/index.php\/wp-json\/wp\/v2\/product\/1149","targetHints":{"allow":["GET"]}}],"collection":[{"href":"https:\/\/fidetarim.com\/index.php\/wp-json\/wp\/v2\/product"}],"about":[{"href":"https:\/\/fidetarim.com\/index.php\/wp-json\/wp\/v2\/types\/product"}],"replies":[{"embeddable":true,"href":"https:\/\/fidetarim.com\/index.php\/wp-json\/wp\/v2\/comments?post=1149"}],"wp:featuredmedia":[{"embeddable":true,"href":"https:\/\/fidetarim.com\/index.php\/wp-json\/wp\/v2\/media\/1150"}],"wp:attachment":[{"href":"https:\/\/fidetarim.com\/index.php\/wp-json\/wp\/v2\/media?parent=1149"}],"wp:term":[{"taxonomy":"product_cat","embeddable":true,"href":"https:\/\/fidetarim.com\/index.php\/wp-json\/wp\/v2\/product_cat?post=1149"},{"taxonomy":"product_tag","embeddable":true,"href":"https:\/\/fidetarim.com\/index.php\/wp-json\/wp\/v2\/product_tag?post=1149"}],"curies":[{"name":"wp","href":"https:\/\/api.w.org\/{rel}","templated":true}]}}