{"id":1147,"date":"2021-12-27T18:32:22","date_gmt":"2021-12-27T15:32:22","guid":{"rendered":"https:\/\/fidetarim.com\/?post_type=product&#038;p=1147"},"modified":"2022-01-05T23:24:01","modified_gmt":"2022-01-05T20:24:01","slug":"kavun","status":"publish","type":"product","link":"https:\/\/fidetarim.com\/index.php\/product\/kavun\/","title":{"rendered":"Kavun"},"content":{"rendered":"<p>Yaz aylar\u0131n\u0131n vazge\u00e7ilmez meyvelerinden biri olan sar\u0131 kavun, ince kabu\u011fu, m\u00fckemmel kokusu ve sulu yap\u0131s\u0131 ile olduk\u00e7a ferahlat\u0131c\u0131 bir lezzet olarak \u00f6ne \u00e7\u0131k\u0131yor.<\/p>\n<p>Dilimlenmi\u015f \u015fekilde, ya da lezzetli bir i\u00e7ecek yap\u0131larak t\u00fcketilebilir. \u00d6zellikle yaz\u0131n s\u0131cak g\u00fcnlerinde daha fazla tercih edilen kavun, buz ve s\u00fct\u00a0ilave edilip blenderdan ge\u00e7irildikten sonra kavunlu milkshake olarak i\u00e7ilebilir ya da evde yapaca\u011f\u0131n\u0131z dondurmalara aroma olarak eklenebilir.<\/p>\n","protected":false},"excerpt":{"rendered":"<p><b>180 gr Kavun<\/b><\/p>\n<ul>\n<li>11.84 gram karbonhidrat<\/li>\n<li>2 gram protein<\/li>\n<li>0.18 gram ya\u011f<\/li>\n<li>1.62 gram lif<\/li>\n<li>16. mg sodyum<\/li>\n<li>327.6 mg potasyum<\/li>\n<li>19.8 mg kalsiyum<\/li>\n<li>39.24 mg C vitamini<\/li>\n<li>0.61 gram demir<\/li>\n<\/ul>\n","protected":false},"featured_media":1148,"comment_status":"closed","ping_status":"closed","template":"","meta":{"_monsterinsights_skip_tracking":false,"_monsterinsights_sitenote_active":false,"_monsterinsights_sitenote_note":"","_monsterinsights_sitenote_category":0},"product_cat":[49],"product_tag":[],"class_list":["post-1147","product","type-product","status-publish","has-post-thumbnail","hentry","product_cat-meyve"],"_links":{"self":[{"href":"https:\/\/fidetarim.com\/index.php\/wp-json\/wp\/v2\/product\/1147","targetHints":{"allow":["GET"]}}],"collection":[{"href":"https:\/\/fidetarim.com\/index.php\/wp-json\/wp\/v2\/product"}],"about":[{"href":"https:\/\/fidetarim.com\/index.php\/wp-json\/wp\/v2\/types\/product"}],"replies":[{"embeddable":true,"href":"https:\/\/fidetarim.com\/index.php\/wp-json\/wp\/v2\/comments?post=1147"}],"wp:featuredmedia":[{"embeddable":true,"href":"https:\/\/fidetarim.com\/index.php\/wp-json\/wp\/v2\/media\/1148"}],"wp:attachment":[{"href":"https:\/\/fidetarim.com\/index.php\/wp-json\/wp\/v2\/media?parent=1147"}],"wp:term":[{"taxonomy":"product_cat","embeddable":true,"href":"https:\/\/fidetarim.com\/index.php\/wp-json\/wp\/v2\/product_cat?post=1147"},{"taxonomy":"product_tag","embeddable":true,"href":"https:\/\/fidetarim.com\/index.php\/wp-json\/wp\/v2\/product_tag?post=1147"}],"curies":[{"name":"wp","href":"https:\/\/api.w.org\/{rel}","templated":true}]}}