{"id":1143,"date":"2021-12-27T18:14:37","date_gmt":"2021-12-27T15:14:37","guid":{"rendered":"https:\/\/fidetarim.com\/?post_type=product&#038;p=1143"},"modified":"2022-01-05T23:24:18","modified_gmt":"2022-01-05T20:24:18","slug":"portakal","status":"publish","type":"product","link":"https:\/\/fidetarim.com\/index.php\/product\/portakal\/","title":{"rendered":"Portakal"},"content":{"rendered":"<p>\u0130\u00e7erisindeki y\u00fcksek C vitamini ba\u011f\u0131\u015f\u0131kl\u0131k sistemini destekleyerek k\u0131\u015f hastal\u0131klar\u0131ndan korunmaya yard\u0131mc\u0131 olur.<\/p>\n<p>Yap\u0131s\u0131 orta sertlikte ve a\u011f\u0131r olanlar\u0131n daha fazla suyu olur.<\/p>\n<p>Portakal, do\u011fal bir C vitamin kayna\u011f\u0131 olmas\u0131 nedeniyle en \u00e7ok tercih edilen\u00a0k\u0131\u015f meyveleri aras\u0131nda yer al\u0131yor. Tatl\u0131 ve bol sulu meyvenin bir\u00e7ok farkl\u0131 kullan\u0131m \u015fekli mevcut. \u0130\u00e7 k\u0131sm\u0131 yenerek ya da suyu s\u0131k\u0131larak\u00a0t\u00fcketilirken, kabuk k\u0131sm\u0131ndan\u00a0ise kek ve re\u00e7el yap\u0131m\u0131nda faydalan\u0131labilir.<\/p>\n","protected":false},"excerpt":{"rendered":"<p><b>100 gr Portakal<\/b><\/p>\n<ul>\n<li>47 Kalori<\/li>\n<li>11.8 g Karbonhidrat<\/li>\n<li>2.4 g Lif<\/li>\n<li>0.9 g Protein<\/li>\n<li>0.1 g Ya\u011f<\/li>\n<li>0.0 mg Kolesterol<\/li>\n<li>225.0 IU A Vitamini<\/li>\n<li>53.2 mg C Vitamini<\/li>\n<li>181.0 mg Potasyum<\/li>\n<li>40.0 mg Kalsiyum<\/li>\n<li>0.1 mg Demir<\/li>\n<\/ul>\n","protected":false},"featured_media":1144,"comment_status":"closed","ping_status":"closed","template":"","meta":{"_monsterinsights_skip_tracking":false,"_monsterinsights_sitenote_active":false,"_monsterinsights_sitenote_note":"","_monsterinsights_sitenote_category":0},"product_cat":[49],"product_tag":[],"class_list":["post-1143","product","type-product","status-publish","has-post-thumbnail","hentry","product_cat-meyve"],"_links":{"self":[{"href":"https:\/\/fidetarim.com\/index.php\/wp-json\/wp\/v2\/product\/1143","targetHints":{"allow":["GET"]}}],"collection":[{"href":"https:\/\/fidetarim.com\/index.php\/wp-json\/wp\/v2\/product"}],"about":[{"href":"https:\/\/fidetarim.com\/index.php\/wp-json\/wp\/v2\/types\/product"}],"replies":[{"embeddable":true,"href":"https:\/\/fidetarim.com\/index.php\/wp-json\/wp\/v2\/comments?post=1143"}],"wp:featuredmedia":[{"embeddable":true,"href":"https:\/\/fidetarim.com\/index.php\/wp-json\/wp\/v2\/media\/1144"}],"wp:attachment":[{"href":"https:\/\/fidetarim.com\/index.php\/wp-json\/wp\/v2\/media?parent=1143"}],"wp:term":[{"taxonomy":"product_cat","embeddable":true,"href":"https:\/\/fidetarim.com\/index.php\/wp-json\/wp\/v2\/product_cat?post=1143"},{"taxonomy":"product_tag","embeddable":true,"href":"https:\/\/fidetarim.com\/index.php\/wp-json\/wp\/v2\/product_tag?post=1143"}],"curies":[{"name":"wp","href":"https:\/\/api.w.org\/{rel}","templated":true}]}}