{"id":1141,"date":"2021-12-27T18:13:27","date_gmt":"2021-12-27T15:13:27","guid":{"rendered":"https:\/\/fidetarim.com\/?post_type=product&#038;p=1141"},"modified":"2022-01-05T23:24:23","modified_gmt":"2022-01-05T20:24:23","slug":"limon-2","status":"publish","type":"product","link":"https:\/\/fidetarim.com\/index.php\/product\/limon-2\/","title":{"rendered":"Limon"},"content":{"rendered":"<p>T\u00fcrkiye&#8217;de \u0131l\u0131man iklimin hakim oldu\u011fu Mersin dolaylar\u0131nda yeti\u015ftirilen ve bu \u00e7evreden t\u00fcm \u00fclkeye da\u011f\u0131t\u0131lan\u00a0limon; turun\u00e7giller familyas\u0131n\u0131n en k\u00fc\u00e7\u00fck meyvesidir. C vitamini bak\u0131m\u0131ndan olduk\u00e7a zengin olan limon; ek\u015fili\u011fi ve e\u015fsiz kokusuyla sofralar\u0131n ve i\u00e7eceklerin vazge\u00e7ilmez \u00fcr\u00fcnlerindendir.<\/p>\n<p>T\u00fcrkiye&#8217;de limon hemen hemen her \u015feyde kullan\u0131lan bir \u00fcr\u00fcn. Ihlamurdan kolaya, p\u0131rasadan keklere kadar hemen hemen her \u015feyde limon kabu\u011fu ya da limon suyu ek\u015fi seven ki\u015filer taraf\u0131ndan s\u0131kl\u0131kla\u00a0kullan\u0131l\u0131r.<\/p>\n<p>Siz de yemeklerinizi ve i\u00e7eceklerinizi limonun kendine has lezzetiyle s\u00fcslemek\u00a0istiyorsan\u0131z hemen sepetinize ekleyebilir, g\u00fcvenle sat\u0131n alabilirsiniz.<\/p>\n","protected":false},"excerpt":{"rendered":"<p><b>100 gr Limon<\/b><\/p>\n<ul>\n<li>\u00a0Su: 88.98 g<\/li>\n<li>Enerji: 29 kcal<\/li>\n<li>Protein: 1.1 g<\/li>\n<li>Toplam ya\u011f: 0.3 g<\/li>\n<li>Karbonhidrat: 9.32 g<\/li>\n<li>Lif: 2.8 g<\/li>\n<li>Toplam \u015feker: 2.5 g<\/li>\n<li>Kalsiyum: 26 mg<\/li>\n<li>Demir: 0.6 mg<\/li>\n<li>Magnezyum: 8 mg<\/li>\n<li>Fosfor: 16 mg<\/li>\n<li>Potasyum: 138 mg<\/li>\n<li>Sodyum: 2 mg<\/li>\n<li>\u00c7inko: 0,06 mg<\/li>\n<li>C vitamini, toplam askorbik asit: 53 mg<\/li>\n<li>Tiamin: 0.04 mg<\/li>\n<li>Riboflavin: 0.02 mg<\/li>\n<li>Niasin: 0.1 mgB-6 Vitamini: 0.08 mg<\/li>\n<li>Folat, DFE: 11 \u00b5gB-12 Vitamini: 0 \u00b5g<\/li>\n<li>A Vitamini, RAE: 1 \u00b5g<\/li>\n<li>A Vitamini, \u0130\u00dc: 22 \u0130\u00dc<\/li>\n<li>E Vitamini (alfa-tokoferol): 0.15 mg<\/li>\n<li>D Vitamini (D2 + D3): 0 \u00b5g<\/li>\n<li>D vitamini: 0 IUK Vitamini (filokinon): 0 \u00b5g<\/li>\n<li>Ya\u011f asitleri, toplam doymu\u015f: 0.04 g<\/li>\n<li>Ya\u011f asitleri, toplam tekli doymam\u0131\u015f: 0.01 g<\/li>\n<li>Ya\u011f asitleri, toplam \u00e7oklu doymam\u0131\u015f: 0.09 g<\/li>\n<\/ul>\n","protected":false},"featured_media":1142,"comment_status":"closed","ping_status":"closed","template":"","meta":{"_monsterinsights_skip_tracking":false,"_monsterinsights_sitenote_active":false,"_monsterinsights_sitenote_note":"","_monsterinsights_sitenote_category":0},"product_cat":[49],"product_tag":[],"class_list":["post-1141","product","type-product","status-publish","has-post-thumbnail","hentry","product_cat-meyve"],"_links":{"self":[{"href":"https:\/\/fidetarim.com\/index.php\/wp-json\/wp\/v2\/product\/1141","targetHints":{"allow":["GET"]}}],"collection":[{"href":"https:\/\/fidetarim.com\/index.php\/wp-json\/wp\/v2\/product"}],"about":[{"href":"https:\/\/fidetarim.com\/index.php\/wp-json\/wp\/v2\/types\/product"}],"replies":[{"embeddable":true,"href":"https:\/\/fidetarim.com\/index.php\/wp-json\/wp\/v2\/comments?post=1141"}],"wp:featuredmedia":[{"embeddable":true,"href":"https:\/\/fidetarim.com\/index.php\/wp-json\/wp\/v2\/media\/1142"}],"wp:attachment":[{"href":"https:\/\/fidetarim.com\/index.php\/wp-json\/wp\/v2\/media?parent=1141"}],"wp:term":[{"taxonomy":"product_cat","embeddable":true,"href":"https:\/\/fidetarim.com\/index.php\/wp-json\/wp\/v2\/product_cat?post=1141"},{"taxonomy":"product_tag","embeddable":true,"href":"https:\/\/fidetarim.com\/index.php\/wp-json\/wp\/v2\/product_tag?post=1141"}],"curies":[{"name":"wp","href":"https:\/\/api.w.org\/{rel}","templated":true}]}}