{"id":1139,"date":"2021-12-27T18:10:51","date_gmt":"2021-12-27T15:10:51","guid":{"rendered":"https:\/\/fidetarim.com\/?post_type=product&#038;p=1139"},"modified":"2022-01-05T23:24:33","modified_gmt":"2022-01-05T20:24:33","slug":"mandalina","status":"publish","type":"product","link":"https:\/\/fidetarim.com\/index.php\/product\/mandalina\/","title":{"rendered":"Mandalina"},"content":{"rendered":"<p>Yo\u011fun C vitamini deste\u011fi sa\u011flayan Mandalina Nat\u00fcrel, muhte\u015fem kokusu ve tatl\u0131 lezzetine ek olarak dolgun etiyle t\u00fcketicilerin be\u011fenisine sunuluyor.<\/p>\n<p>En do\u011fal ve en taze \u015fekilde haz\u0131rlan\u0131p raflardaki yerini almay\u0131 ba\u015faran nat\u00fcrel mandalinalar, herkes taraf\u0131ndan sevilen ve s\u0131k\u00e7a tercih edilen meyveler olarak dikkat \u00e7ekiyor. Kabu\u011fu kolayca soyulan mandalinalar, meyve salatalar\u0131na dahil edilerek de t\u00fcketilebiliyor. Leziz re\u00e7ellerin yap\u0131m\u0131nda da kullan\u0131labilen mandalinalar ile farkl\u0131 marmelatlar da haz\u0131rlanabiliyor.<\/p>\n<p>Kendine \u00f6zg\u00fc tad\u0131yla \u00e7ocuklar\u0131n da severek yedi\u011fi bir meyve haline gelen mandalinalar s\u0131k\u0131larak meyve suyu halinde de t\u00fcketilebiliyor.<\/p>\n<p>&nbsp;<\/p>\n","protected":false},"excerpt":{"rendered":"<p><strong>100 gr Mandalina<\/strong><\/p>\n<ul>\n<li>Kalori:\u00a053 kcal<\/li>\n<li>Karbonhidrat:\u00a013 g<\/li>\n<li>Lif:\u00a01.8 g<\/li>\n<li>Toplam \u015feker:\u00a011 g<\/li>\n<li>Protein:\u00a00.8 g<\/li>\n<li>Toplam ya\u011f:\u00a00.3 g<\/li>\n<li>Sodyum:\u00a02 mg<\/li>\n<li>Potasyum:\u00a0166 mg<\/li>\n<li>Kalsiyum:\u00a037 mg<\/li>\n<li>Magnezyum:\u00a012 mg<\/li>\n<li>Manganez:\u00a00,039 mg<\/li>\n<li>Demir:\u00a00,2 mg<\/li>\n<li>Bak\u0131r:\u00a00.042 mg<\/li>\n<li>Fosfor:\u00a020 mg<\/li>\n<li>\u00c7inko:\u00a00.07 mg<\/li>\n<li>C Vitamini:\u00a026,7 mg<\/li>\n<li>B6 Vitamini:\u00a00,1 mg<\/li>\n<li>Folat\u00a016 \u00b5g<\/li>\n<li>Niasin:\u00a00.376 mg<\/li>\n<li>Pantotenik asit:\u00a00.216 mg<\/li>\n<li>A Vitamini:\u00a0681 IU<\/li>\n<li>E vitamini:\u00a00.20 mg<\/li>\n<li>Selenyum:\u00a00.1 \u00b5g<\/li>\n<li>Kobalamin:\u00a00 \u00b5g<\/li>\n<li>Karoten-\u00df:\u00a0155 \u00b5g<\/li>\n<li>Kripto-ksantin-\u00df:\u00a0407 \u00b5g<\/li>\n<li>Lutein-zeaksantin:\u00a0138 \u00b5g \u2013<\/li>\n<li>\u00c7oklu doymam\u0131\u015f ya\u011f:\u00a00.1 g<\/li>\n<li>Tekli doymam\u0131\u015f ya\u011f:\u00a00.1 g<\/li>\n<\/ul>\n","protected":false},"featured_media":1140,"comment_status":"closed","ping_status":"closed","template":"","meta":{"_monsterinsights_skip_tracking":false,"_monsterinsights_sitenote_active":false,"_monsterinsights_sitenote_note":"","_monsterinsights_sitenote_category":0},"product_cat":[49],"product_tag":[],"class_list":["post-1139","product","type-product","status-publish","has-post-thumbnail","hentry","product_cat-meyve"],"_links":{"self":[{"href":"https:\/\/fidetarim.com\/index.php\/wp-json\/wp\/v2\/product\/1139","targetHints":{"allow":["GET"]}}],"collection":[{"href":"https:\/\/fidetarim.com\/index.php\/wp-json\/wp\/v2\/product"}],"about":[{"href":"https:\/\/fidetarim.com\/index.php\/wp-json\/wp\/v2\/types\/product"}],"replies":[{"embeddable":true,"href":"https:\/\/fidetarim.com\/index.php\/wp-json\/wp\/v2\/comments?post=1139"}],"wp:featuredmedia":[{"embeddable":true,"href":"https:\/\/fidetarim.com\/index.php\/wp-json\/wp\/v2\/media\/1140"}],"wp:attachment":[{"href":"https:\/\/fidetarim.com\/index.php\/wp-json\/wp\/v2\/media?parent=1139"}],"wp:term":[{"taxonomy":"product_cat","embeddable":true,"href":"https:\/\/fidetarim.com\/index.php\/wp-json\/wp\/v2\/product_cat?post=1139"},{"taxonomy":"product_tag","embeddable":true,"href":"https:\/\/fidetarim.com\/index.php\/wp-json\/wp\/v2\/product_tag?post=1139"}],"curies":[{"name":"wp","href":"https:\/\/api.w.org\/{rel}","templated":true}]}}