{"id":1137,"date":"2021-12-27T18:08:40","date_gmt":"2021-12-27T15:08:40","guid":{"rendered":"https:\/\/fidetarim.com\/?post_type=product&#038;p=1137"},"modified":"2022-01-05T23:24:40","modified_gmt":"2022-01-05T20:24:40","slug":"w-murcott-mandalina","status":"publish","type":"product","link":"https:\/\/fidetarim.com\/index.php\/product\/w-murcott-mandalina\/","title":{"rendered":"W. Murcott Mandalina"},"content":{"rendered":"<p>Kendine has muhte\u015fem kokusunun yan\u0131 s\u0131ra olduk\u00e7a lezzetli bir meyve olarak \u00f6ne \u00e7\u0131kan Mandalina Murcot, bo\u015f sulu dilimleri ile en \u00e7ok tercih edilen meyvelerden biri haline geliyor.<\/p>\n<p>\u0130\u00e7eri\u011findeki C vitaminiyle sayesinde adeta bir vitamin deposu g\u00f6revi g\u00f6ren Murcot mandalina, koyu turuncu kabuklar\u0131 ve parlak g\u00f6r\u00fcn\u00fcm\u00fcyle t\u00fcketicilerin dikkatini \u00fczerine \u00e7ekmeyi ba\u015far\u0131yor. Kolay soyulabilen p\u00fcr\u00fczs\u00fcz yap\u0131daki kabuklar\u0131 sayesinde de keyifle t\u00fcketilebilen mandalina, g\u00fcn\u00fcn her saatinde g\u00fcvenle t\u00fcketilebilen meyveler aras\u0131nda yer al\u0131yor.<\/p>\n<p>S\u0131k\u0131larak me\u015frubat haline getirilebilen mandalina kahvalt\u0131 sofralar\u0131n\u0131 da s\u00fcslemeye yard\u0131mc\u0131 oluyor.<\/p>\n","protected":false},"excerpt":{"rendered":"<p>&nbsp;<\/p>\n<p><strong>100 gr Mandalina<\/strong><\/p>\n<ul>\n<li>Kalori:\u00a053 kcal<\/li>\n<li>Karbonhidrat:\u00a013 g<\/li>\n<li>Lif:\u00a01.8 g<\/li>\n<li>Toplam \u015feker:\u00a011 g<\/li>\n<li>Protein:\u00a00.8 g<\/li>\n<li>Toplam ya\u011f:\u00a00.3 g<\/li>\n<li>Sodyum:\u00a02 mg<\/li>\n<li>Potasyum:\u00a0166 mg<\/li>\n<li>Kalsiyum:\u00a037 mg<\/li>\n<li>Magnezyum:\u00a012 mg<\/li>\n<li>Manganez:\u00a00,039 mg<\/li>\n<li>Demir:\u00a00,2 mg<\/li>\n<li>Bak\u0131r:\u00a00.042 mg<\/li>\n<li>Fosfor:\u00a020 mg<\/li>\n<li>\u00c7inko:\u00a00.07 mg<\/li>\n<li>C Vitamini:\u00a026,7 mg<\/li>\n<li>B6 Vitamini:\u00a00,1 mg<\/li>\n<li>Folat\u00a016 \u00b5g<\/li>\n<li>Niasin:\u00a00.376 mg<\/li>\n<li>Pantotenik asit:\u00a00.216 mg<\/li>\n<li>A Vitamini:\u00a0681 IU<\/li>\n<li>E vitamini:\u00a00.20 mg<\/li>\n<li>Selenyum:\u00a00.1 \u00b5g<\/li>\n<li>Kobalamin:\u00a00 \u00b5g<\/li>\n<li>Karoten-\u00df:\u00a0155 \u00b5g<\/li>\n<li>Kripto-ksantin-\u00df:\u00a0407 \u00b5g<\/li>\n<li>Lutein-zeaksantin:\u00a0138 \u00b5g \u2013<\/li>\n<li>\u00c7oklu doymam\u0131\u015f ya\u011f:\u00a00.1 g<\/li>\n<li>Tekli doymam\u0131\u015f ya\u011f:\u00a00.1 g<\/li>\n<\/ul>\n","protected":false},"featured_media":1138,"comment_status":"closed","ping_status":"closed","template":"","meta":{"_monsterinsights_skip_tracking":false,"_monsterinsights_sitenote_active":false,"_monsterinsights_sitenote_note":"","_monsterinsights_sitenote_category":0},"product_cat":[49],"product_tag":[],"class_list":["post-1137","product","type-product","status-publish","has-post-thumbnail","hentry","product_cat-meyve"],"_links":{"self":[{"href":"https:\/\/fidetarim.com\/index.php\/wp-json\/wp\/v2\/product\/1137","targetHints":{"allow":["GET"]}}],"collection":[{"href":"https:\/\/fidetarim.com\/index.php\/wp-json\/wp\/v2\/product"}],"about":[{"href":"https:\/\/fidetarim.com\/index.php\/wp-json\/wp\/v2\/types\/product"}],"replies":[{"embeddable":true,"href":"https:\/\/fidetarim.com\/index.php\/wp-json\/wp\/v2\/comments?post=1137"}],"wp:featuredmedia":[{"embeddable":true,"href":"https:\/\/fidetarim.com\/index.php\/wp-json\/wp\/v2\/media\/1138"}],"wp:attachment":[{"href":"https:\/\/fidetarim.com\/index.php\/wp-json\/wp\/v2\/media?parent=1137"}],"wp:term":[{"taxonomy":"product_cat","embeddable":true,"href":"https:\/\/fidetarim.com\/index.php\/wp-json\/wp\/v2\/product_cat?post=1137"},{"taxonomy":"product_tag","embeddable":true,"href":"https:\/\/fidetarim.com\/index.php\/wp-json\/wp\/v2\/product_tag?post=1137"}],"curies":[{"name":"wp","href":"https:\/\/api.w.org\/{rel}","templated":true}]}}