{"id":1129,"date":"2021-12-27T17:59:32","date_gmt":"2021-12-27T14:59:32","guid":{"rendered":"https:\/\/fidetarim.com\/?post_type=product&#038;p=1129"},"modified":"2022-01-05T23:25:01","modified_gmt":"2022-01-05T20:25:01","slug":"lolorosso","status":"publish","type":"product","link":"https:\/\/fidetarim.com\/index.php\/product\/lolorosso\/","title":{"rendered":"Lolorosso"},"content":{"rendered":"<p>\u0130talya k\u00f6kenli bir marul \u00e7e\u015fidi olan Lolorosso, hafif tatl\u0131 aromas\u0131 ve \u00e7\u0131t\u0131r \u00e7\u0131t\u0131r yap\u0131s\u0131yla salatalara ve sandvi\u00e7lere lezzet katar. G\u00f6vdeye yak\u0131n ye\u015fil alt k\u0131sm\u0131 ve k\u0131rm\u0131z\u0131ms\u0131 \u00fcst k\u0131sm\u0131\u00a0ile salatalarda farkl\u0131 bir g\u00f6r\u00fcn\u00fcm sunan Lolorosso marul, yemekleri s\u00fcslemek i\u00e7in de kullan\u0131labilir.<\/p>\n<p>Her mevsim yenilmeye uygun ye\u015filliklerden biri olan Lolorosso, i\u00e7erdi\u011fi A, B ve C vitamini ve g\u00fc\u00e7l\u00fc antioksidanlar sebebiyle faydal\u0131 bir besin kayna\u011f\u0131d\u0131r. Salatalara lezzet katan Lolorosso marulun taze ve \u00e7i\u011f olarak t\u00fcketilmesi tavsiye edilir. Salata ve yemek sunumlar\u0131nda kullanabilece\u011finiz yiyecek, besleyici ye\u015fil\u00a0smoothie&#8217;lerin\u00a0yap\u0131m\u0131nda da kullan\u0131labilir.<\/p>\n","protected":false},"excerpt":{"rendered":"<p><strong>100 gr Lolorosso<\/strong><\/p>\n<ul>\n<li>Karbonhidrat: 2.26 g<\/li>\n<li>Protein: 1.33 g<\/li>\n<li>Ya\u011f: 0.22 g<\/li>\n<li>Sodyum: 25 mg<\/li>\n<li>Potasyum: 187 mg<\/li>\n<li>Kalsiyum: 33 mg<\/li>\n<li>A vitamini: 749.2 iu<\/li>\n<li>C vitamini: 3.70 mg<\/li>\n<li>E vitamini:0.15 mg<\/li>\n<li>K vitamini: 140.30<\/li>\n<li>Demir: 1.20 g<\/li>\n<\/ul>\n","protected":false},"featured_media":1130,"comment_status":"closed","ping_status":"closed","template":"","meta":{"_monsterinsights_skip_tracking":false,"_monsterinsights_sitenote_active":false,"_monsterinsights_sitenote_note":"","_monsterinsights_sitenote_category":0},"product_cat":[35],"product_tag":[],"class_list":["post-1129","product","type-product","status-publish","has-post-thumbnail","hentry","product_cat-sebze"],"_links":{"self":[{"href":"https:\/\/fidetarim.com\/index.php\/wp-json\/wp\/v2\/product\/1129","targetHints":{"allow":["GET"]}}],"collection":[{"href":"https:\/\/fidetarim.com\/index.php\/wp-json\/wp\/v2\/product"}],"about":[{"href":"https:\/\/fidetarim.com\/index.php\/wp-json\/wp\/v2\/types\/product"}],"replies":[{"embeddable":true,"href":"https:\/\/fidetarim.com\/index.php\/wp-json\/wp\/v2\/comments?post=1129"}],"wp:featuredmedia":[{"embeddable":true,"href":"https:\/\/fidetarim.com\/index.php\/wp-json\/wp\/v2\/media\/1130"}],"wp:attachment":[{"href":"https:\/\/fidetarim.com\/index.php\/wp-json\/wp\/v2\/media?parent=1129"}],"wp:term":[{"taxonomy":"product_cat","embeddable":true,"href":"https:\/\/fidetarim.com\/index.php\/wp-json\/wp\/v2\/product_cat?post=1129"},{"taxonomy":"product_tag","embeddable":true,"href":"https:\/\/fidetarim.com\/index.php\/wp-json\/wp\/v2\/product_tag?post=1129"}],"curies":[{"name":"wp","href":"https:\/\/api.w.org\/{rel}","templated":true}]}}