{"id":1125,"date":"2021-12-27T17:53:25","date_gmt":"2021-12-27T14:53:25","guid":{"rendered":"https:\/\/fidetarim.com\/?post_type=product&#038;p=1125"},"modified":"2022-01-05T23:25:20","modified_gmt":"2022-01-05T20:25:20","slug":"kirmizi-pancar","status":"publish","type":"product","link":"https:\/\/fidetarim.com\/index.php\/product\/kirmizi-pancar\/","title":{"rendered":"K\u0131rm\u0131z\u0131 Pancar"},"content":{"rendered":"<p>Sa\u011fl\u0131\u011fa faydalar\u0131 ile \u00f6n plana \u00e7\u0131kan pancar, \u00e7e\u015fitli yemek ve salatalar\u0131n yap\u0131m\u0131nda kullan\u0131l\u0131yor. Y\u00fcksek oranda vitamin ve mineral i\u00e7eren sebze, kendine \u00f6zg\u00fc aromas\u0131yla damaklarda kal\u0131c\u0131 bir lezzet b\u0131rak\u0131yor. Tur\u015fusu, m\u00fccveri ve \u00e7orbas\u0131 yap\u0131lan pancar, mevsim salatalar\u0131na verdi\u011fi k\u0131rm\u0131z\u0131 rengi ile en \u00e7ok sevilen sebzeler aras\u0131nda yer al\u0131yor.<\/p>\n<p>B\u00fcy\u00fcme ve geli\u015fme d\u00f6nemindeki \u00e7ocuklar\u0131n ihtiya\u00e7 duydu\u011fu besin \u00f6\u011felerini kar\u015f\u0131layan pancar, y\u00fcksek lif i\u00e7eri\u011fi ile de zay\u0131flama diyetlerinin aran\u0131lan sebzelerinden biri oluyor. Do\u011fal olarak yeti\u015ftirilen pancar ile kendinize ve sevdiklerinize sa\u011fl\u0131kl\u0131 ve lezzetli salatalar, s\u0131ra d\u0131\u015f\u0131 yemekler haz\u0131rlayabilirsiniz.<\/p>\n","protected":false},"excerpt":{"rendered":"<p><strong>100 gr K\u0131rm\u0131z\u0131 Pancar<\/strong><\/p>\n<ul>\n<li>Karbonhidrat: 9.16g<\/li>\n<li>Protein: 2.15g<\/li>\n<li>Ya\u011f: 0.14 g<\/li>\n<li>Lif: 3.63 g<\/li>\n<li>Sodyum: 40.50 mg<\/li>\n<li>Potasyum: 235.50 mg<\/li>\n<li>Kalsiyum: 43.50 mg<\/li>\n<li>Vitamin A: 3.00 ui<\/li>\n<li>Vitamin C: 9.37 mg<\/li>\n<li>Demir: 1.23<\/li>\n<\/ul>\n","protected":false},"featured_media":1126,"comment_status":"closed","ping_status":"closed","template":"","meta":{"_monsterinsights_skip_tracking":false,"_monsterinsights_sitenote_active":false,"_monsterinsights_sitenote_note":"","_monsterinsights_sitenote_category":0},"product_cat":[35],"product_tag":[],"class_list":["post-1125","product","type-product","status-publish","has-post-thumbnail","hentry","product_cat-sebze"],"_links":{"self":[{"href":"https:\/\/fidetarim.com\/index.php\/wp-json\/wp\/v2\/product\/1125","targetHints":{"allow":["GET"]}}],"collection":[{"href":"https:\/\/fidetarim.com\/index.php\/wp-json\/wp\/v2\/product"}],"about":[{"href":"https:\/\/fidetarim.com\/index.php\/wp-json\/wp\/v2\/types\/product"}],"replies":[{"embeddable":true,"href":"https:\/\/fidetarim.com\/index.php\/wp-json\/wp\/v2\/comments?post=1125"}],"wp:featuredmedia":[{"embeddable":true,"href":"https:\/\/fidetarim.com\/index.php\/wp-json\/wp\/v2\/media\/1126"}],"wp:attachment":[{"href":"https:\/\/fidetarim.com\/index.php\/wp-json\/wp\/v2\/media?parent=1125"}],"wp:term":[{"taxonomy":"product_cat","embeddable":true,"href":"https:\/\/fidetarim.com\/index.php\/wp-json\/wp\/v2\/product_cat?post=1125"},{"taxonomy":"product_tag","embeddable":true,"href":"https:\/\/fidetarim.com\/index.php\/wp-json\/wp\/v2\/product_tag?post=1125"}],"curies":[{"name":"wp","href":"https:\/\/api.w.org\/{rel}","templated":true}]}}