{"id":1118,"date":"2021-12-27T17:23:45","date_gmt":"2021-12-27T14:23:45","guid":{"rendered":"https:\/\/fidetarim.com\/?post_type=product&#038;p=1118"},"modified":"2022-01-05T22:33:22","modified_gmt":"2022-01-05T19:33:22","slug":"kirmizi-turp","status":"publish","type":"product","link":"https:\/\/fidetarim.com\/index.php\/product\/kirmizi-turp\/","title":{"rendered":"K\u0131rm\u0131z\u0131 Turp"},"content":{"rendered":"<p>K\u0131rm\u0131z\u0131 turp, turpgiller familyas\u0131na ait olan, d\u0131\u015f kabu\u011fu k\u0131rm\u0131z\u0131 i\u00e7i beyaz ve etli olan bir sebzedir. D\u00f6rt mevsim \u00e7i\u011f ve pi\u015fmi\u015f olarak yemeklerde ve salatalarda kullan\u0131l\u0131r. Depo g\u00f6vdeye sahip olan bu sebzenin sa\u011fl\u0131k a\u00e7\u0131s\u0131ndan \u00e7i\u011f t\u00fcketilmesi tavsiye edilir.<\/p>\n<p>Antioksidan \u00f6zelli\u011fi\u00a0 ve i\u00e7erisindeki vitamin ve mineraller sayesinde faydal\u0131 bir sebze olarak bilinir. D\u00fc\u015f\u00fck kalorili olmas\u0131 sebebiyle de kilo vermek isteyenlerin t\u00fcketmekten \u00e7ekinmemesi gereken bir sebzedir. Lifli yap\u0131s\u0131 sayesinde uzun s\u00fcre tok tutma \u00f6zelli\u011fine sahiptir.<\/p>\n","protected":false},"excerpt":{"rendered":"<p>&nbsp;<\/p>\n<p><strong>100 gr K\u0131rm\u0131z\u0131 Turp<\/strong><\/p>\n<ul>\n<li>Toplam ya\u011f: 0,1 g<\/li>\n<li>Sodyum: 39 mg<\/li>\n<li>Potasyum: 233 mg<\/li>\n<li>Karbonhidrat: 3,4 g<\/li>\n<li>Diyet Lifi: 1,6 g<\/li>\n<li>\u015eeker: 1,9 g<\/li>\n<li>Protein: 0,7 g<\/li>\n<li>C Vitamini: 14,8 mg<\/li>\n<li>Kalsiyum: 25 mg<\/li>\n<li>Demir: 0,3 mg<\/li>\n<li>B6 Vitamini: 0,1 mg<\/li>\n<li>Magnezyum: 10 mg<\/li>\n<\/ul>\n","protected":false},"featured_media":1119,"comment_status":"closed","ping_status":"closed","template":"","meta":{"_monsterinsights_skip_tracking":false,"_monsterinsights_sitenote_active":false,"_monsterinsights_sitenote_note":"","_monsterinsights_sitenote_category":0},"product_cat":[35],"product_tag":[],"class_list":["post-1118","product","type-product","status-publish","has-post-thumbnail","hentry","product_cat-sebze"],"_links":{"self":[{"href":"https:\/\/fidetarim.com\/index.php\/wp-json\/wp\/v2\/product\/1118","targetHints":{"allow":["GET"]}}],"collection":[{"href":"https:\/\/fidetarim.com\/index.php\/wp-json\/wp\/v2\/product"}],"about":[{"href":"https:\/\/fidetarim.com\/index.php\/wp-json\/wp\/v2\/types\/product"}],"replies":[{"embeddable":true,"href":"https:\/\/fidetarim.com\/index.php\/wp-json\/wp\/v2\/comments?post=1118"}],"wp:featuredmedia":[{"embeddable":true,"href":"https:\/\/fidetarim.com\/index.php\/wp-json\/wp\/v2\/media\/1119"}],"wp:attachment":[{"href":"https:\/\/fidetarim.com\/index.php\/wp-json\/wp\/v2\/media?parent=1118"}],"wp:term":[{"taxonomy":"product_cat","embeddable":true,"href":"https:\/\/fidetarim.com\/index.php\/wp-json\/wp\/v2\/product_cat?post=1118"},{"taxonomy":"product_tag","embeddable":true,"href":"https:\/\/fidetarim.com\/index.php\/wp-json\/wp\/v2\/product_tag?post=1118"}],"curies":[{"name":"wp","href":"https:\/\/api.w.org\/{rel}","templated":true}]}}