{"id":1114,"date":"2021-12-27T17:10:42","date_gmt":"2021-12-27T14:10:42","guid":{"rendered":"https:\/\/fidetarim.com\/?post_type=product&#038;p=1114"},"modified":"2022-01-05T23:25:48","modified_gmt":"2022-01-05T20:25:48","slug":"tere","status":"publish","type":"product","link":"https:\/\/fidetarim.com\/index.php\/product\/tere\/","title":{"rendered":"Tere"},"content":{"rendered":"<p>Tere, turpgiller familyas\u0131na ait olan, yapraklar\u0131 \u00f6zellikle salata i\u00e7lerinde tat vermesi amac\u0131yla kullan\u0131lan ac\u0131mt\u0131rak tad\u0131 olan bir bitki t\u00fcr\u00fcd\u00fcr. \u0130\u00e7erisinde bir\u00e7ok faydal\u0131 vitamini ve minarelleri bar\u0131nd\u0131ran bu mucizevi ot, Anadolu\u2019nun pek \u00e7ok yerinde yeti\u015ftirilir.<\/p>\n<p>Tere ince yaprakl\u0131 oldu\u011fu i\u00e7in pi\u015firildi\u011fi zaman tad\u0131 ac\u0131la\u015f\u0131r. Bu sebeple \u00e7o\u011funlukla \u00e7i\u011f olarak t\u00fcketilir.<\/p>\n","protected":false},"excerpt":{"rendered":"<p><strong>100 gr Tere<\/strong><\/p>\n<ul>\n<li>Kalori: 32 kcal<\/li>\n<li>Toplam ya\u011f: 0,7 g<\/li>\n<li>Sodyum: 14 mg<\/li>\n<li>Potasyum: 606 mg<\/li>\n<li>Karbonhidrat: 6 g<\/li>\n<li>Diyet Lifi: 1,1 g<\/li>\n<li>\u015eeker: 4,4 g<\/li>\n<li>Protein: 2,6 g<\/li>\n<li>C Vitamini: 69 mg<\/li>\n<li>Kalsiyum: 81 mg<\/li>\n<li>Demir: 1,3 mg<\/li>\n<li>B6 Vitamini: 0,2 mg<\/li>\n<li>Magnezyum: 38 mg<\/li>\n<\/ul>\n","protected":false},"featured_media":1115,"comment_status":"closed","ping_status":"closed","template":"","meta":{"_monsterinsights_skip_tracking":false,"_monsterinsights_sitenote_active":false,"_monsterinsights_sitenote_note":"","_monsterinsights_sitenote_category":0},"product_cat":[35],"product_tag":[],"class_list":["post-1114","product","type-product","status-publish","has-post-thumbnail","hentry","product_cat-sebze"],"_links":{"self":[{"href":"https:\/\/fidetarim.com\/index.php\/wp-json\/wp\/v2\/product\/1114","targetHints":{"allow":["GET"]}}],"collection":[{"href":"https:\/\/fidetarim.com\/index.php\/wp-json\/wp\/v2\/product"}],"about":[{"href":"https:\/\/fidetarim.com\/index.php\/wp-json\/wp\/v2\/types\/product"}],"replies":[{"embeddable":true,"href":"https:\/\/fidetarim.com\/index.php\/wp-json\/wp\/v2\/comments?post=1114"}],"wp:featuredmedia":[{"embeddable":true,"href":"https:\/\/fidetarim.com\/index.php\/wp-json\/wp\/v2\/media\/1115"}],"wp:attachment":[{"href":"https:\/\/fidetarim.com\/index.php\/wp-json\/wp\/v2\/media?parent=1114"}],"wp:term":[{"taxonomy":"product_cat","embeddable":true,"href":"https:\/\/fidetarim.com\/index.php\/wp-json\/wp\/v2\/product_cat?post=1114"},{"taxonomy":"product_tag","embeddable":true,"href":"https:\/\/fidetarim.com\/index.php\/wp-json\/wp\/v2\/product_tag?post=1114"}],"curies":[{"name":"wp","href":"https:\/\/api.w.org\/{rel}","templated":true}]}}