{"id":1112,"date":"2021-12-27T17:00:21","date_gmt":"2021-12-27T14:00:21","guid":{"rendered":"https:\/\/fidetarim.com\/?post_type=product&#038;p=1112"},"modified":"2022-01-05T23:02:22","modified_gmt":"2022-01-05T20:02:22","slug":"dereotu","status":"publish","type":"product","link":"https:\/\/fidetarim.com\/index.php\/product\/dereotu\/","title":{"rendered":"Dereotu"},"content":{"rendered":"<p>Yemeklerde, b\u00f6reklerde, salatalarda ve kahvalt\u0131 sofralar\u0131nda sevilerek t\u00fcketilen ye\u015fillikler aras\u0131ndaki yerini alarak vazge\u00e7ilmez bir lezzet yakalamay\u0131 ba\u015faran Dereotu, \u00e7e\u015fitli \u015fekillerde de\u011ferlendirilebiliyor.\u00a0Yo\u011furtla birlikte kullan\u0131ld\u0131\u011f\u0131nda enfes bir lezzetin ortaya \u00e7\u0131kmas\u0131n\u0131 sa\u011flayan dereotu, taze yap\u0131s\u0131 ve a\u011f\u0131zda b\u0131rakt\u0131\u011f\u0131 enfes ve ferah tad\u0131yla\u00a0sofralara bamba\u015fka bir lezzet kat\u0131yor.<\/p>\n<p>Demet \u015feklinde haz\u0131rland\u0131ktan sonra t\u00fcketicinin be\u011fenisine sunulan \u00fcr\u00fcn\u00fcn, uzun s\u00fcreli bir tazelik i\u00e7in serin ve \u0131\u015f\u0131\u011fa maruz kalmayan alanlarda muhafaza edilimesi \u00f6nerilir.<\/p>\n","protected":false},"excerpt":{"rendered":"<p><strong>100 gr Dereotu<\/strong><\/p>\n<ul>\n<li>Kalori: 43 kcal<\/li>\n<li>Toplam ya\u011f: 1,1 g<\/li>\n<li>Doymu\u015f Ya\u011f: 0,1 g<\/li>\n<li>Kolesterol: 0 mg<\/li>\n<li>Sodyum: 61 mg<\/li>\n<li>Potasyum:738 mg<\/li>\n<li>Karbonhidrat: 7 g<\/li>\n<li>Diyet Lifi: 2,1 g<\/li>\n<li>Protein: 3,5 g<\/li>\n<li>C Vitamini: 85 mg<\/li>\n<li>Kalsiyum: 208 mg<\/li>\n<li>Demir: 6,6 mg<\/li>\n<li>B6 Vitamini: 0,2 mg<\/li>\n<li>Magnezyum:55 mg<\/li>\n<\/ul>\n","protected":false},"featured_media":1113,"comment_status":"closed","ping_status":"closed","template":"","meta":{"_monsterinsights_skip_tracking":false,"_monsterinsights_sitenote_active":false,"_monsterinsights_sitenote_note":"","_monsterinsights_sitenote_category":0},"product_cat":[35],"product_tag":[],"class_list":["post-1112","product","type-product","status-publish","has-post-thumbnail","hentry","product_cat-sebze"],"_links":{"self":[{"href":"https:\/\/fidetarim.com\/index.php\/wp-json\/wp\/v2\/product\/1112","targetHints":{"allow":["GET"]}}],"collection":[{"href":"https:\/\/fidetarim.com\/index.php\/wp-json\/wp\/v2\/product"}],"about":[{"href":"https:\/\/fidetarim.com\/index.php\/wp-json\/wp\/v2\/types\/product"}],"replies":[{"embeddable":true,"href":"https:\/\/fidetarim.com\/index.php\/wp-json\/wp\/v2\/comments?post=1112"}],"wp:featuredmedia":[{"embeddable":true,"href":"https:\/\/fidetarim.com\/index.php\/wp-json\/wp\/v2\/media\/1113"}],"wp:attachment":[{"href":"https:\/\/fidetarim.com\/index.php\/wp-json\/wp\/v2\/media?parent=1112"}],"wp:term":[{"taxonomy":"product_cat","embeddable":true,"href":"https:\/\/fidetarim.com\/index.php\/wp-json\/wp\/v2\/product_cat?post=1112"},{"taxonomy":"product_tag","embeddable":true,"href":"https:\/\/fidetarim.com\/index.php\/wp-json\/wp\/v2\/product_tag?post=1112"}],"curies":[{"name":"wp","href":"https:\/\/api.w.org\/{rel}","templated":true}]}}