{"id":1110,"date":"2021-12-27T16:58:34","date_gmt":"2021-12-27T13:58:34","guid":{"rendered":"https:\/\/fidetarim.com\/?post_type=product&#038;p=1110"},"modified":"2022-01-05T23:02:01","modified_gmt":"2022-01-05T20:02:01","slug":"roka","status":"publish","type":"product","link":"https:\/\/fidetarim.com\/index.php\/product\/roka\/","title":{"rendered":"Roka"},"content":{"rendered":"<p>Koyu ye\u015fil rengi ve kendine \u00f6zg\u00fc aromas\u0131yla salatalar\u0131n aran\u0131lan lezzeti Roka Demet, \u00f6zellikle et ve bal\u0131k yemeklerini tamaml\u0131yor. Baz\u0131 \u00e7orbalar\u0131n ve haydari cac\u0131k gibi mezelerin inde de kullan\u0131lan sebze ile yemeklerinize s\u0131ra d\u0131\u015f\u0131 bir lezzet ekleyebilirsiniz.<\/p>\n<p>Y\u00fcksek oranda vitamin i\u00e7eren Roka\u2019n\u0131n kendine \u00f6zg\u00fc ac\u0131ms\u0131 tad\u0131n\u0131 veren \u00f6zel bile\u015fenler, sa\u011fl\u0131\u011fa faydalar\u0131 ile \u00f6n plana \u00e7\u0131k\u0131yor. Ayn\u0131 zamanda posa a\u00e7\u0131s\u0131ndan da zengin olan sebze, d\u00fc\u015f\u00fck kalorili olmas\u0131 nedeniyle de zay\u0131flama diyetlerinde s\u0131kl\u0131kla kullan\u0131l\u0131yor.<\/p>\n","protected":false},"excerpt":{"rendered":"<p><strong>100 gr Roka<\/strong><\/p>\n<ul>\n<li>Kalori: 25 kcal<\/li>\n<li>Toplam ya\u011f: 0,7 g<\/li>\n<li>Doymu\u015f Ya\u011f: 0,1 g<\/li>\n<li>Sodyum: 27 mg<\/li>\n<li>Potasyum: 369 mg<\/li>\n<li>Karbonhidrat: 3,7 g<\/li>\n<li>Diyet Lifi: 1,6 g<\/li>\n<li>\u015eeker: 2,1 g<\/li>\n<li>Protein: 2,6 g<\/li>\n<li>C Vitamini: 15 mg<\/li>\n<li>Kalsiyum: 160 mg<\/li>\n<li>Demir: 1,5 mg<\/li>\n<li>B6 Vitamini: 0,1 mg<\/li>\n<li>Magnezyum: 47 mg<\/li>\n<\/ul>\n","protected":false},"featured_media":1111,"comment_status":"open","ping_status":"closed","template":"","meta":{"_monsterinsights_skip_tracking":false,"_monsterinsights_sitenote_active":false,"_monsterinsights_sitenote_note":"","_monsterinsights_sitenote_category":0},"product_cat":[35],"product_tag":[],"class_list":["post-1110","product","type-product","status-publish","has-post-thumbnail","hentry","product_cat-sebze"],"_links":{"self":[{"href":"https:\/\/fidetarim.com\/index.php\/wp-json\/wp\/v2\/product\/1110","targetHints":{"allow":["GET"]}}],"collection":[{"href":"https:\/\/fidetarim.com\/index.php\/wp-json\/wp\/v2\/product"}],"about":[{"href":"https:\/\/fidetarim.com\/index.php\/wp-json\/wp\/v2\/types\/product"}],"replies":[{"embeddable":true,"href":"https:\/\/fidetarim.com\/index.php\/wp-json\/wp\/v2\/comments?post=1110"}],"wp:featuredmedia":[{"embeddable":true,"href":"https:\/\/fidetarim.com\/index.php\/wp-json\/wp\/v2\/media\/1111"}],"wp:attachment":[{"href":"https:\/\/fidetarim.com\/index.php\/wp-json\/wp\/v2\/media?parent=1110"}],"wp:term":[{"taxonomy":"product_cat","embeddable":true,"href":"https:\/\/fidetarim.com\/index.php\/wp-json\/wp\/v2\/product_cat?post=1110"},{"taxonomy":"product_tag","embeddable":true,"href":"https:\/\/fidetarim.com\/index.php\/wp-json\/wp\/v2\/product_tag?post=1110"}],"curies":[{"name":"wp","href":"https:\/\/api.w.org\/{rel}","templated":true}]}}