{"id":1106,"date":"2021-12-27T16:53:26","date_gmt":"2021-12-27T13:53:26","guid":{"rendered":"https:\/\/fidetarim.com\/?post_type=product&#038;p=1106"},"modified":"2022-01-05T23:13:42","modified_gmt":"2022-01-05T20:13:42","slug":"marul","status":"publish","type":"product","link":"https:\/\/fidetarim.com\/index.php\/product\/marul\/","title":{"rendered":"Marul"},"content":{"rendered":"<p>Marul, \u00e7i\u011f olarak t\u00fcketilebilen ye\u015fil sebzeler aras\u0131nda yer al\u0131yor. Sebze, pi\u015firme gibi\u00a0i\u015flemlere gerek olmadan sadece y\u0131kanarak salata \u015feklinde ya da sandvi\u00e7 i\u00e7erisinde yenebildi\u011fi i\u00e7in zengin vitamin ve mineral kayna\u011f\u0131 da tam anlam\u0131yla korunmu\u015f oluyor.<\/p>\n<p>Vitaminler bak\u0131m\u0131ndan zengin olan ye\u015fil sebze, formuna \u00f6zen g\u00f6steren ki\u015filerin en \u00e7ok t\u00fcketti\u011fi besinler i\u00e7erisinde bulunuyor.<\/p>\n","protected":false},"excerpt":{"rendered":"<p><strong>100 gr Marul<\/strong><\/p>\n<ul>\n<li>Kalori: 14 kcal<\/li>\n<li>Toplam ya\u011f: 0,2 g<\/li>\n<li>Sodyum: 28 mg<\/li>\n<li>Potasyum: 194 mg<\/li>\n<li>Karbonhidrat: 2,9 g<\/li>\n<li>Diyet Lifi: 1,3 g<\/li>\n<li>\u015eeker: 0,8 g<\/li>\n<li>Protein: 1,4 g<\/li>\n<li>C Vitamini: 9,2 mg<\/li>\n<li>Kalsiyum 36 mg<\/li>\n<li>Demir 0,9 mg<\/li>\n<li>B6 Vitamini 0,1 mg<\/li>\n<li>Magnezyum 13 mg<\/li>\n<\/ul>\n","protected":false},"featured_media":1107,"comment_status":"closed","ping_status":"closed","template":"","meta":{"_monsterinsights_skip_tracking":false,"_monsterinsights_sitenote_active":false,"_monsterinsights_sitenote_note":"","_monsterinsights_sitenote_category":0},"product_cat":[35],"product_tag":[],"class_list":["post-1106","product","type-product","status-publish","has-post-thumbnail","hentry","product_cat-sebze"],"_links":{"self":[{"href":"https:\/\/fidetarim.com\/index.php\/wp-json\/wp\/v2\/product\/1106","targetHints":{"allow":["GET"]}}],"collection":[{"href":"https:\/\/fidetarim.com\/index.php\/wp-json\/wp\/v2\/product"}],"about":[{"href":"https:\/\/fidetarim.com\/index.php\/wp-json\/wp\/v2\/types\/product"}],"replies":[{"embeddable":true,"href":"https:\/\/fidetarim.com\/index.php\/wp-json\/wp\/v2\/comments?post=1106"}],"wp:featuredmedia":[{"embeddable":true,"href":"https:\/\/fidetarim.com\/index.php\/wp-json\/wp\/v2\/media\/1107"}],"wp:attachment":[{"href":"https:\/\/fidetarim.com\/index.php\/wp-json\/wp\/v2\/media?parent=1106"}],"wp:term":[{"taxonomy":"product_cat","embeddable":true,"href":"https:\/\/fidetarim.com\/index.php\/wp-json\/wp\/v2\/product_cat?post=1106"},{"taxonomy":"product_tag","embeddable":true,"href":"https:\/\/fidetarim.com\/index.php\/wp-json\/wp\/v2\/product_tag?post=1106"}],"curies":[{"name":"wp","href":"https:\/\/api.w.org\/{rel}","templated":true}]}}