{"id":1105,"date":"2021-12-27T16:50:00","date_gmt":"2021-12-27T13:50:00","guid":{"rendered":"https:\/\/fidetarim.com\/?post_type=product&#038;p=1105"},"modified":"2022-01-05T23:18:59","modified_gmt":"2022-01-05T20:18:59","slug":"gobek","status":"publish","type":"product","link":"https:\/\/fidetarim.com\/index.php\/product\/gobek\/","title":{"rendered":"G\u00f6bek"},"content":{"rendered":"<p>En lezzetli ye\u015fil salata malzemelerinden biri olan Atom Salata, \u015f\u0131k sofralar\u0131n\u0131z\u0131 renklendiriyor. Yapraklar\u0131n\u0131 elle ya da bir b\u0131\u00e7ak yard\u0131m\u0131yla par\u00e7alayarak k\u00fc\u00e7\u00fcltebilece\u011finiz gibi, k\u00fc\u00e7\u00fck mutfak aletleri ile do\u011frayarak\u00a0da Atom Salatay\u0131 haz\u0131rlayabilirsiniz.<\/p>\n<p>K\u00fc\u00e7\u00fck par\u00e7alara ay\u0131rd\u0131\u011f\u0131n\u0131z Atom Salata yapraklar\u0131n\u0131, sirkeli su yard\u0131m\u0131 ile kolayca temizleyerek haz\u0131r hale getirebilirsiniz. Yapraklar\u0131n temizlenme i\u015flemi sonras\u0131nda; limon, zeytinya\u011f\u0131 ve \u00e7e\u015fitli baharatlar yard\u0131m\u0131yla haz\u0131rlayaca\u011f\u0131n\u0131z soslar, atom salatan\u0131z\u0131 daha da lezzetlendirmeniz i\u00e7in katk\u0131da bulunuyor.<\/p>\n","protected":false},"excerpt":{"rendered":"<p><strong>100 gr G\u00f6bek<\/strong><\/p>\n<ul>\n<li>Kalori: 13 kcal<\/li>\n<li>Toplam ya\u011f: 0,1 g<\/li>\n<li>Sodyum: 10 mg<\/li>\n<li>Potasyum: 141 mg<\/li>\n<li>Karbonhidrat: 3 g<\/li>\n<li>Diyet Lifi: 1,2 g<\/li>\n<li>\u015eeker: 2 g<\/li>\n<li>Protein: 0,9 g<\/li>\n<li>C Vitamini: 2,8 mg<\/li>\n<li>Kalsiyum: 18 mg<\/li>\n<li>Demir: 0,4 mg<\/li>\n<li>Magnezyum: 7 mg<\/li>\n<\/ul>\n","protected":false},"featured_media":1104,"comment_status":"closed","ping_status":"closed","template":"","meta":{"_monsterinsights_skip_tracking":false,"_monsterinsights_sitenote_active":false,"_monsterinsights_sitenote_note":"","_monsterinsights_sitenote_category":0},"product_cat":[35],"product_tag":[],"class_list":["post-1105","product","type-product","status-publish","has-post-thumbnail","hentry","product_cat-sebze"],"_links":{"self":[{"href":"https:\/\/fidetarim.com\/index.php\/wp-json\/wp\/v2\/product\/1105","targetHints":{"allow":["GET"]}}],"collection":[{"href":"https:\/\/fidetarim.com\/index.php\/wp-json\/wp\/v2\/product"}],"about":[{"href":"https:\/\/fidetarim.com\/index.php\/wp-json\/wp\/v2\/types\/product"}],"replies":[{"embeddable":true,"href":"https:\/\/fidetarim.com\/index.php\/wp-json\/wp\/v2\/comments?post=1105"}],"wp:featuredmedia":[{"embeddable":true,"href":"https:\/\/fidetarim.com\/index.php\/wp-json\/wp\/v2\/media\/1104"}],"wp:attachment":[{"href":"https:\/\/fidetarim.com\/index.php\/wp-json\/wp\/v2\/media?parent=1105"}],"wp:term":[{"taxonomy":"product_cat","embeddable":true,"href":"https:\/\/fidetarim.com\/index.php\/wp-json\/wp\/v2\/product_cat?post=1105"},{"taxonomy":"product_tag","embeddable":true,"href":"https:\/\/fidetarim.com\/index.php\/wp-json\/wp\/v2\/product_tag?post=1105"}],"curies":[{"name":"wp","href":"https:\/\/api.w.org\/{rel}","templated":true}]}}