{"id":1103,"date":"2021-12-27T16:48:19","date_gmt":"2021-12-27T13:48:19","guid":{"rendered":"https:\/\/fidetarim.com\/?post_type=product&#038;p=1103"},"modified":"2022-01-05T23:19:02","modified_gmt":"2022-01-05T20:19:02","slug":"kivircik","status":"publish","type":"product","link":"https:\/\/fidetarim.com\/index.php\/product\/kivircik\/","title":{"rendered":"K\u0131v\u0131rc\u0131k"},"content":{"rendered":"<p>Y\u0131l\u0131n her mevsimi sofralardaki yerini almay\u0131 ba\u015faran k\u0131v\u0131rc\u0131k salata, t\u00fcm salata \u00e7e\u015fitleriyle kullan\u0131labildi\u011fi gibi garnit\u00fcrlere dahil edilerek de olduk\u00e7a lezzetli sunumlar\u0131n ortaya \u00e7\u0131kmas\u0131nda yard\u0131mc\u0131 oluyor.<\/p>\n<p>Taze yap\u0131s\u0131yla olduk\u00e7a leziz bir tat sunan k\u0131v\u0131rc\u0131k salata, i\u00e7eri\u011findeki zengin besin de\u011ferleri sayesinde hem hafif hem de sa\u011fl\u0131kl\u0131 bir yiyecek t\u00fcr\u00fc olarak \u00f6ne \u00e7\u0131k\u0131yor.<\/p>\n<p>En sevdi\u011finiz ana yemeklerin yan\u0131nda \u015f\u0131k bir sunum haz\u0131rlamak i\u00e7in de kullanabilece\u011finiz k\u0131v\u0131rc\u0131k salata, g\u00fcn\u00fcn her saatinde g\u00f6n\u00fcl rahatl\u0131\u011f\u0131yla t\u00fcketilebiliyor. Ayr\u0131ca k\u0131v\u0131rc\u0131k salatan\u0131n daha uzun s\u00fcre taze kalabilmesi i\u00e7in serin ve g\u00fcne\u015f \u0131\u015f\u0131\u011f\u0131ndan uzak bir ortamda muhafaza edilmesi \u00f6neriliyor.<\/p>\n","protected":false},"excerpt":{"rendered":"<p><strong>100 gr K\u0131v\u0131rc\u0131k<\/strong><\/p>\n<ul>\n<li>Kalori: 14 kcal<\/li>\n<li>Toplam ya\u011f: 0,2 g<\/li>\n<li>Doymu\u015f Ya\u011f: 0 g<\/li>\n<li>Kolesterol: 0 mg<\/li>\n<li>Sodyum: 28 mg<\/li>\n<li>Potasyum: 194 mg<\/li>\n<li>Karbonhidrat: 2,9 g<\/li>\n<li>Diyet Lifi: 1,3 g<\/li>\n<li>\u015eeker: 0,8 g<\/li>\n<li>Protein: 1,4 g<\/li>\n<li>C Vitamini: 9,2 mg<\/li>\n<li>Kalsiyum: 36 mg<\/li>\n<li>Demir: 0,9 mg<\/li>\n<li>B6 Vitamini: 0,1 mg<\/li>\n<li>Magnezyum: 13 mg<\/li>\n<\/ul>\n","protected":false},"featured_media":1104,"comment_status":"closed","ping_status":"closed","template":"","meta":{"_monsterinsights_skip_tracking":false,"_monsterinsights_sitenote_active":false,"_monsterinsights_sitenote_note":"","_monsterinsights_sitenote_category":0},"product_cat":[35],"product_tag":[],"class_list":["post-1103","product","type-product","status-publish","has-post-thumbnail","hentry","product_cat-sebze"],"_links":{"self":[{"href":"https:\/\/fidetarim.com\/index.php\/wp-json\/wp\/v2\/product\/1103","targetHints":{"allow":["GET"]}}],"collection":[{"href":"https:\/\/fidetarim.com\/index.php\/wp-json\/wp\/v2\/product"}],"about":[{"href":"https:\/\/fidetarim.com\/index.php\/wp-json\/wp\/v2\/types\/product"}],"replies":[{"embeddable":true,"href":"https:\/\/fidetarim.com\/index.php\/wp-json\/wp\/v2\/comments?post=1103"}],"wp:featuredmedia":[{"embeddable":true,"href":"https:\/\/fidetarim.com\/index.php\/wp-json\/wp\/v2\/media\/1104"}],"wp:attachment":[{"href":"https:\/\/fidetarim.com\/index.php\/wp-json\/wp\/v2\/media?parent=1103"}],"wp:term":[{"taxonomy":"product_cat","embeddable":true,"href":"https:\/\/fidetarim.com\/index.php\/wp-json\/wp\/v2\/product_cat?post=1103"},{"taxonomy":"product_tag","embeddable":true,"href":"https:\/\/fidetarim.com\/index.php\/wp-json\/wp\/v2\/product_tag?post=1103"}],"curies":[{"name":"wp","href":"https:\/\/api.w.org\/{rel}","templated":true}]}}