{"id":25,"date":"2021-10-31T06:28:15","date_gmt":"2021-10-31T03:28:15","guid":{"rendered":"http:\/\/layerdrops.com\/agrioxwp\/?page_id=25"},"modified":"2021-12-24T21:18:47","modified_gmt":"2021-12-24T18:18:47","slug":"iletisim","status":"publish","type":"page","link":"https:\/\/fidetarim.com\/index.php\/iletisim\/","title":{"rendered":"\u0130leti\u015fim"},"content":{"rendered":"\t\t<div data-elementor-type=\"wp-page\" data-elementor-id=\"25\" class=\"elementor elementor-25\" data-elementor-settings=\"[]\">\n\t\t\t\t\t\t\t<div class=\"elementor-section-wrap\">\n\t\t\t\t\t\t\t<section class=\"elementor-section elementor-top-section elementor-element elementor-element-4fc97c1 elementor-section-full_width elementor-section-height-default elementor-section-height-default\" data-id=\"4fc97c1\" data-element_type=\"section\">\n\t\t\t\t\t\t<div class=\"elementor-container elementor-column-gap-no\">\n\t\t\t\t\t<div class=\"elementor-column elementor-col-100 elementor-top-column elementor-element elementor-element-5e5a332\" data-id=\"5e5a332\" data-element_type=\"column\">\n\t\t\t<div class=\"elementor-widget-wrap elementor-element-populated\">\n\t\t\t\t\t\t\t\t<div class=\"elementor-element elementor-element-0a1f1f6 elementor-widget elementor-widget-agriox-contact-form\" data-id=\"0a1f1f6\" data-element_type=\"widget\" data-widget_type=\"agriox-contact-form.default\">\n\t\t\t\t<div class=\"elementor-widget-container\">\n\t\t\t\r\n    <!--Start Contact Page-->\r\n    <section class=\"contact-page\">\r\n        <div class=\"container\">\r\n            <div class=\"row\">\r\n                <!--Start Contact Page Left-->\r\n                <div class=\"col-xl-4 col-lg-4\">\r\n                    <div class=\"contact-page__left\">\r\n                        <div class=\"sec-title\">\r\n                                                           <div class=\"icon\">\r\n                                    <img decoding=\"async\" src=\"http:\/\/layerdrops.com\/agrioxwp\/wp-content\/uploads\/2021\/11\/preloader-2.png\" alt=\"\">\r\n                                <\/div>\r\n                            \r\n                                                             <span class=\"sec-title__tagline\">Hemen \u015fimdi<\/span>\r\n                                                                                       <h2 class=\"sec-title__title\">Bizimle \u0130leti\u015fime Ge\u00e7<\/h2>\r\n                                                    <\/div>\r\n                                                    <p class=\"contact-page__left-text\">Fide Tar\u0131m olarak sizleri \u00f6nemsiyoruz. Bizimle ileti\u015fime ge\u00e7mek i\u00e7in formu doldurabilir veya ileti\u015fim bilgilerimizi kullanarak bizlere ula\u015fablirsiniz.<\/p>\r\n                         \r\n                            \r\n                        <div class=\"contact-page__social-link\">\r\n                            <ul class=\"list-unstyled\">\r\n                                                                 <li><a href=\"https:\/\/twitter.com\/fidetarim\"><i class=\"fab fa-twitter\"><\/i><\/a><\/li>\r\n                                                                 <li><a href=\"https:\/\/www.facebook.com\/Fide-Tar%C4%B1m-107094158505535\"><i class=\"fab fa-facebook\"><\/i><\/a><\/li>\r\n                                                                 <li><a href=\"https:\/\/www.instagram.com\/fide.tarim\"><i class=\"fab fa-instagram\"><\/i><\/a><\/li>\r\n                                \r\n                            <\/ul>\r\n                        <\/div>\r\n                                            <\/div>\r\n                <\/div>\r\n                <!--End Contact Page Right-->\r\n\r\n                <!--Start Contact Page Right-->\r\n                <div class=\"col-xl-8 col-lg-8\">\r\n                    <div class=\"contact-page__right\">\r\n                     \t\t\t\t\t\t\t<div role=\"form\" class=\"wpcf7\" id=\"wpcf7-f809-o1\" lang=\"en-US\" dir=\"ltr\">\n<div class=\"screen-reader-response\"><p role=\"status\" aria-live=\"polite\" aria-atomic=\"true\"><\/p> <ul><\/ul><\/div>\n<form action=\"\/index.php\/wp-json\/wp\/v2\/pages\/25#wpcf7-f809-o1\" method=\"post\" class=\"wpcf7-form init\" novalidate=\"novalidate\" data-status=\"init\">\n<div style=\"display: none;\">\n<input type=\"hidden\" name=\"_wpcf7\" value=\"809\" \/>\n<input type=\"hidden\" name=\"_wpcf7_version\" value=\"5.5.3\" \/>\n<input type=\"hidden\" name=\"_wpcf7_locale\" value=\"en_US\" \/>\n<input type=\"hidden\" name=\"_wpcf7_unit_tag\" value=\"wpcf7-f809-o1\" \/>\n<input type=\"hidden\" name=\"_wpcf7_container_post\" value=\"0\" \/>\n<input type=\"hidden\" name=\"_wpcf7_posted_data_hash\" value=\"\" \/>\n<\/div>\n<div class=\"comment-one__form \">\n<div class=\"row\">\n<div class=\"col-xl-6 col-lg-6\">\n<div class=\"comment-form__input-box\"><span class=\"wpcf7-form-control-wrap your-name\"><input type=\"text\" name=\"your-name\" value=\"\" size=\"40\" class=\"wpcf7-form-control wpcf7-text wpcf7-validates-as-required\" aria-required=\"true\" aria-invalid=\"false\" placeholder=\"Ad ve Soyad\" \/><\/span><\/div>\n<\/div>\n<div class=\"col-xl-6 col-lg-6\">\n<div class=\"comment-form__input-box\"><span class=\"wpcf7-form-control-wrap your-email\"><input type=\"text\" name=\"your-email\" value=\"\" size=\"40\" class=\"wpcf7-form-control wpcf7-text wpcf7-validates-as-required\" aria-required=\"true\" aria-invalid=\"false\" placeholder=\"Mail\" \/><\/span><\/div>\n<\/div>\n<\/div>\n<div class=\"row\">\n<div class=\"col-xl-6 col-lg-6\">\n<div class=\"comment-form__input-box\"><span class=\"wpcf7-form-control-wrap your-phone\"><input type=\"text\" name=\"your-phone\" value=\"\" size=\"40\" class=\"wpcf7-form-control wpcf7-text wpcf7-validates-as-required\" aria-required=\"true\" aria-invalid=\"false\" placeholder=\"Telefon Numaras\u0131\" \/><\/span><\/div>\n<\/div>\n<div class=\"col-xl-6 col-lg-6\">\n<div class=\"comment-form__input-box\"><span class=\"wpcf7-form-control-wrap your-subject\"><input type=\"text\" name=\"your-subject\" value=\"\" size=\"40\" class=\"wpcf7-form-control wpcf7-text wpcf7-validates-as-required\" aria-required=\"true\" aria-invalid=\"false\" placeholder=\"Konu\" \/><\/span><\/div>\n<\/div>\n<\/div>\n<div class=\"row\">\n<div class=\"col-xl-12 col-lg-12\">\n<div class=\"comment-form__input-box\"><span class=\"wpcf7-form-control-wrap your-message\"><textarea name=\"your-message\" cols=\"40\" rows=\"10\" class=\"wpcf7-form-control wpcf7-textarea\" aria-invalid=\"false\" placeholder=\"Mesaj\u0131n\u0131z Yaz\u0131n\u0131\"><\/textarea><\/span><\/div>\n<p><button type=\"submit\" class=\"thm-btn comment-form__btn\">G\u00f6nder<\/button><\/div>\n<\/div>\n<\/div>\n<p style=\"display: none !important;\"><label>&#916;<textarea name=\"_wpcf7_ak_hp_textarea\" cols=\"45\" rows=\"8\" maxlength=\"100\"><\/textarea><\/label><input type=\"hidden\" id=\"ak_js\" name=\"_wpcf7_ak_js\" value=\"235\"\/><script>document.getElementById( \"ak_js\" ).setAttribute( \"value\", ( new Date() ).getTime() );<\/script><\/p><div class=\"wpcf7-response-output\" aria-hidden=\"true\"><\/div><\/form><\/div>\t\t\t\t\t\t                    <\/div>\r\n                <\/div>\r\n                <!--End Contact Page Right-->\r\n            <\/div>\r\n        <\/div>\r\n    <\/section>\r\n    <!--End Contact Page-->\r\n\r\n\t\t<\/div>\n\t\t\t\t<\/div>\n\t\t\t\t\t<\/div>\n\t\t<\/div>\n\t\t\t\t\t\t\t<\/div>\n\t\t<\/section>\n\t\t\t\t<section class=\"elementor-section elementor-top-section elementor-element elementor-element-66e8a5a elementor-section-full_width elementor-section-height-default elementor-section-height-default\" data-id=\"66e8a5a\" data-element_type=\"section\">\n\t\t\t\t\t\t<div class=\"elementor-container elementor-column-gap-no\">\n\t\t\t\t\t<div class=\"elementor-column elementor-col-100 elementor-top-column elementor-element elementor-element-d2d0ba2\" data-id=\"d2d0ba2\" data-element_type=\"column\">\n\t\t\t<div class=\"elementor-widget-wrap elementor-element-populated\">\n\t\t\t\t\t\t\t\t<div class=\"elementor-element elementor-element-10b3ad8 elementor-widget elementor-widget-agriox-contact-info\" data-id=\"10b3ad8\" data-element_type=\"widget\" data-widget_type=\"agriox-contact-info.default\">\n\t\t\t\t<div class=\"elementor-widget-container\">\n\t\t\t<!--Start Contact Page Contact Info-->\r\n<section class=\"contact-page__contact-info clearfix\">\r\n    <div class=\"auto-container\">\r\n        <div class=\"row\">\r\n            <div class=\"col-xl-12\">\r\n                <div class=\"contact-page__contact-info-wrapper\">\r\n                                            <div class=\"contact-page__contact-info-title\">\r\n                            <h2>\u0130leti\u015fim Bilgilerimiz<\/h2>\r\n                        <\/div>\r\n                                        <div class=\"contact-page__contact-info-list\">\r\n                        <ul class=\"list-unstyled\">\r\n                            <li>\r\n                                <div class=\"icon\">\r\n                                    <span class=\"icon-map\"><\/span>\r\n                                <\/div>\r\n                                <div class=\"title\">\r\n                                    <span>Konum<\/span>\r\n                                    <p>\u0130\u00e7erenk\u00f6y Mah. \u00c7ay\u0131r Cad. No:43 \n<br>Hal No : 107 Ata\u015fehir\/\u0130stanbul<\/p>\r\n                                <\/div>\r\n                            <\/li>\r\n                            <li>\r\n                                <div class=\"icon\">\r\n                                    <span class=\"icon-email-1\"><\/span>\r\n                                <\/div>\r\n                                <div class=\"title\">\r\n                                    <span>E-Mail<\/span>\r\n                                    <p><a href=\"mailto:fide@fidetarim.com\">fide@fidetarim.com<\/a><\/p>\r\n                                <\/div>\r\n                            <\/li>\r\n                            <li>\r\n                                <div class=\"icon phone\">\r\n                                    <span class=\"icon-phone-call-2\"><\/span>\r\n                                <\/div>\r\n                                <div class=\"title\">\r\n                                    <span>Telefon<\/span>\r\n                                    <p><a href=\"tel:http:\/\/02165749915\">02165749915<\/a><\/p>\r\n                                <\/div>\r\n                            <\/li>\r\n\r\n                        <\/ul>\r\n                    <\/div>\r\n                <\/div>\r\n            <\/div>\r\n        <\/div>\r\n    <\/div>\r\n<\/section>\r\n<!--End Contact Page Contact Info-->\t\t<\/div>\n\t\t\t\t<\/div>\n\t\t\t\t\t<\/div>\n\t\t<\/div>\n\t\t\t\t\t\t\t<\/div>\n\t\t<\/section>\n\t\t\t\t<section class=\"elementor-section elementor-top-section elementor-element elementor-element-7cf7886 elementor-section-full_width elementor-section-height-default elementor-section-height-default\" data-id=\"7cf7886\" data-element_type=\"section\">\n\t\t\t\t\t\t<div class=\"elementor-container elementor-column-gap-no\">\n\t\t\t\t\t<div class=\"elementor-column elementor-col-100 elementor-top-column elementor-element elementor-element-a5a3e1b\" data-id=\"a5a3e1b\" data-element_type=\"column\">\n\t\t\t<div class=\"elementor-widget-wrap elementor-element-populated\">\n\t\t\t\t\t\t\t\t<div class=\"elementor-element elementor-element-1603305 elementor-widget elementor-widget-google_maps\" data-id=\"1603305\" data-element_type=\"widget\" data-widget_type=\"google_maps.default\">\n\t\t\t\t<div class=\"elementor-widget-container\">\n\t\t\t<style>\/*! elementor - v3.5.0 - 12-12-2021 *\/\n.elementor-widget-google_maps .elementor-widget-container{overflow:hidden}.elementor-widget-google_maps iframe{height:300px}<\/style>\t\t<div class=\"elementor-custom-embed\">\n\t\t\t<iframe frameborder=\"0\" scrolling=\"no\" marginheight=\"0\" marginwidth=\"0\"\n\t\t\t\t\tsrc=\"https:\/\/maps.google.com\/maps?q=40.98010608188572%2C%2029.102677199998617&#038;t=m&#038;z=13&#038;output=embed&#038;iwloc=near\"\n\t\t\t\t\ttitle=\"40.98010608188572, 29.102677199998617\"\n\t\t\t\t\taria-label=\"40.98010608188572, 29.102677199998617\"\n\t\t\t><\/iframe>\n\t\t<\/div>\n\t\t\t\t<\/div>\n\t\t\t\t<\/div>\n\t\t\t\t\t<\/div>\n\t\t<\/div>\n\t\t\t\t\t\t\t<\/div>\n\t\t<\/section>\n\t\t\t\t\t\t<\/div>\n\t\t\t\t\t<\/div>\n\t\t","protected":false},"excerpt":{"rendered":"<p>Hemen \u015fimdi Bizimle \u0130leti\u015fime Ge\u00e7 Fide Tar\u0131m olarak sizleri \u00f6nemsiyoruz. Bizimle ileti\u015fime ge\u00e7mek i\u00e7in formu doldurabilir veya ileti\u015fim bilgilerimizi kullanarak bizlere ula\u015fablirsiniz. G\u00f6nder \u0394 \u0130leti\u015fim Bilgilerimiz Konum \u0130\u00e7erenk\u00f6y Mah. \u00c7ay\u0131r Cad. No:43 Hal No : 107 Ata\u015fehir\/\u0130stanbul E-Mail fide@fidetarim.com Telefon 02165749915<\/p>\n","protected":false},"author":1,"featured_media":0,"parent":0,"menu_order":0,"comment_status":"closed","ping_status":"closed","template":"elementor_header_footer","meta":{"_monsterinsights_skip_tracking":false,"_monsterinsights_sitenote_active":false,"_monsterinsights_sitenote_note":"","_monsterinsights_sitenote_category":0,"footnotes":""},"class_list":["post-25","page","type-page","status-publish","hentry"],"_links":{"self":[{"href":"https:\/\/fidetarim.com\/index.php\/wp-json\/wp\/v2\/pages\/25","targetHints":{"allow":["GET"]}}],"collection":[{"href":"https:\/\/fidetarim.com\/index.php\/wp-json\/wp\/v2\/pages"}],"about":[{"href":"https:\/\/fidetarim.com\/index.php\/wp-json\/wp\/v2\/types\/page"}],"author":[{"embeddable":true,"href":"https:\/\/fidetarim.com\/index.php\/wp-json\/wp\/v2\/users\/1"}],"replies":[{"embeddable":true,"href":"https:\/\/fidetarim.com\/index.php\/wp-json\/wp\/v2\/comments?post=25"}],"version-history":[{"count":18,"href":"https:\/\/fidetarim.com\/index.php\/wp-json\/wp\/v2\/pages\/25\/revisions"}],"predecessor-version":[{"id":1017,"href":"https:\/\/fidetarim.com\/index.php\/wp-json\/wp\/v2\/pages\/25\/revisions\/1017"}],"wp:attachment":[{"href":"https:\/\/fidetarim.com\/index.php\/wp-json\/wp\/v2\/media?parent=25"}],"curies":[{"name":"wp","href":"https:\/\/api.w.org\/{rel}","templated":true}]}}